{"id":472,"date":"2013-11-05T17:24:40","date_gmt":"2013-11-05T19:24:40","guid":{"rendered":"https:\/\/br.brasil104-1070.com.br\/~esant8174907\/dexcar_v2\/?post_type=product&#038;p=472"},"modified":"2025-08-31T17:50:52","modified_gmt":"2025-08-31T20:50:52","slug":"manga_postica","status":"publish","type":"product","link":"http:\/\/p2think.net.br\/dexcar\/product\/manga_postica\/","title":{"rendered":"Manga Posti\u00e7a"},"content":{"rendered":"","protected":false},"excerpt":{"rendered":"<p>&#8216;- Confeccionado em n\u00e3otecido 100% polipropileno.<br \/>\n&#8211; At\u00f3xico e hipoalerg\u00eanico.<br \/>\n&#8211; Com acabamento em el\u00e1stico em ambos os lados, para ajuste nos bra\u00e7os.<\/p>\n<p>&nbsp;<\/p>\n<p><strong>Indica\u00e7\u00e3o de Uso:<\/strong><\/p>\n<p>&nbsp;<\/p>\n<p>Indicado para prote\u00e7\u00e3o dos bra\u00e7os em ambiente de trabalho (ind\u00fastrias farmac\u00eauticas, aliment\u00edcias e similares), onde a exig\u00eancia por higiene \u00e9 fundamental.<\/p>\n","protected":false},"featured_media":473,"comment_status":"closed","ping_status":"closed","template":"","meta":[],"product_brand":[],"product_cat":[24],"product_tag":[],"class_list":{"0":"post-472","1":"product","2":"type-product","3":"status-publish","4":"has-post-thumbnail","6":"product_cat-industrias","8":"first","9":"outofstock","10":"shipping-taxable","11":"product-type-simple"},"_links":{"self":[{"href":"http:\/\/p2think.net.br\/dexcar\/wp-json\/wp\/v2\/product\/472","targetHints":{"allow":["GET"]}}],"collection":[{"href":"http:\/\/p2think.net.br\/dexcar\/wp-json\/wp\/v2\/product"}],"about":[{"href":"http:\/\/p2think.net.br\/dexcar\/wp-json\/wp\/v2\/types\/product"}],"replies":[{"embeddable":true,"href":"http:\/\/p2think.net.br\/dexcar\/wp-json\/wp\/v2\/comments?post=472"}],"wp:featuredmedia":[{"embeddable":true,"href":"http:\/\/p2think.net.br\/dexcar\/wp-json\/wp\/v2\/media\/473"}],"wp:attachment":[{"href":"http:\/\/p2think.net.br\/dexcar\/wp-json\/wp\/v2\/media?parent=472"}],"wp:term":[{"taxonomy":"product_brand","embeddable":true,"href":"http:\/\/p2think.net.br\/dexcar\/wp-json\/wp\/v2\/product_brand?post=472"},{"taxonomy":"product_cat","embeddable":true,"href":"http:\/\/p2think.net.br\/dexcar\/wp-json\/wp\/v2\/product_cat?post=472"},{"taxonomy":"product_tag","embeddable":true,"href":"http:\/\/p2think.net.br\/dexcar\/wp-json\/wp\/v2\/product_tag?post=472"}],"curies":[{"name":"wp","href":"https:\/\/api.w.org\/{rel}","templated":true}]}}